{"id":221,"date":"2023-02-02T18:03:00","date_gmt":"2023-02-02T18:03:00","guid":{"rendered":"http:\/\/sakuraprongs.com\/?post_type=product&#038;p=221"},"modified":"2023-02-02T18:03:02","modified_gmt":"2023-02-02T18:03:02","slug":"molde-armas-miss-fortune-league-of-legends","status":"publish","type":"product","link":"https:\/\/sakuraprongs.com\/?product=molde-armas-miss-fortune-league-of-legends","title":{"rendered":"Molde Armas Miss Fortune &#8211; League of Legends"},"content":{"rendered":"<p>Recomendo uso do video tutorial para facilitar a montagem :<\/p>\n<p><iframe loading=\"lazy\" title=\"Tutorial Cosplay - Armas Miss Fortune - E.V.A. Foam #13 League of Legends DIY\" width=\"500\" height=\"281\" src=\"https:\/\/www.youtube.com\/embed\/n0dcMWreCkU?feature=oembed\" frameborder=\"0\" allow=\"accelerometer; autoplay; clipboard-write; encrypted-media; gyroscope; picture-in-picture; web-share\" referrerpolicy=\"strict-origin-when-cross-origin\" allowfullscreen><\/iframe><\/p>\n<p>Caso queria fazer PICPAY ou PIX, escolha como m\u00e9todo de pagamento PagSeguro e boleto. Usar os dados abaixo para pagamento e me enviar o comprovante assim que fizer o pagamento, assim libero aqui o pedido.<\/p>\n<p>Dados :<\/p>\n<p>https:\/\/picpay.me\/sakuraprongs<\/p>\n<p>PIX : sakuraprongs@gmail.com<\/p>\n<p>&#8212;<\/p>\n<p>Produto Digital &#8211; PDF<\/p>\n<p>.<\/p>\n<p>Para fazer o download v\u00e1 em Loja no Menu e depois em Download.<\/p>\n<p>**ATEN\u00c7\u00c3O**<\/p>\n<p>Ap\u00f3s realizado o download do molde, n\u00e3o aceitamos devolu\u00e7\u00e3o e nem troca do produto.<\/p>\n","protected":false},"excerpt":{"rendered":"<p>Recomendo uso do video tutorial para facilitar a montagem : Caso queria fazer PICPAY ou PIX, escolha como m\u00e9todo de pagamento PagSeguro e boleto. Usar os dados abaixo para pagamento e me enviar o comprovante assim que fizer o pagamento, assim libero aqui o pedido. Dados : https:\/\/picpay.me\/sakuraprongs PIX : sakuraprongs@gmail.com &#8212; Produto Digital &#8211; [&hellip;]<\/p>\n","protected":false},"featured_media":0,"comment_status":"open","ping_status":"closed","template":"","meta":{"_uag_custom_page_level_css":""},"product_cat":[15],"product_tag":[23,20,24,25,26,27,28,29,21,30],"class_list":{"0":"post-221","1":"product","2":"type-product","3":"status-publish","5":"product_cat-uncategorized","6":"product_tag-armas-miss-fortune","7":"product_tag-cosplay","8":"product_tag-cosplay-mf-lol","9":"product_tag-how-to-cosplay-miss-fortune","10":"product_tag-league-of-legends-tutoriais","11":"product_tag-mf-lol","12":"product_tag-miss-fortune","13":"product_tag-miss-fortune-cosplay","14":"product_tag-molde","15":"product_tag-molde-armas","17":"first","18":"instock","19":"shipping-taxable","20":"purchasable","21":"product-type-simple"},"aioseo_notices":[],"uagb_featured_image_src":{"full":false,"thumbnail":false,"medium":false,"medium_large":false,"large":false,"1536x1536":false,"2048x2048":false,"woocommerce_thumbnail":false,"woocommerce_single":false,"woocommerce_gallery_thumbnail":false},"uagb_author_info":{"display_name":"clubecosplay@gmail.com","author_link":"https:\/\/sakuraprongs.com\/?author=0"},"uagb_comment_info":0,"uagb_excerpt":"Recomendo uso do video tutorial para facilitar a montagem : Caso queria fazer PICPAY ou PIX, escolha como m\u00e9todo de pagamento PagSeguro e boleto. Usar os dados abaixo para pagamento e me enviar o comprovante assim que fizer o pagamento, assim libero aqui o pedido. Dados : https:\/\/picpay.me\/sakuraprongs PIX : sakuraprongs@gmail.com &#8212; Produto Digital &#8211;&hellip;","_links":{"self":[{"href":"https:\/\/sakuraprongs.com\/index.php?rest_route=\/wp\/v2\/product\/221"}],"collection":[{"href":"https:\/\/sakuraprongs.com\/index.php?rest_route=\/wp\/v2\/product"}],"about":[{"href":"https:\/\/sakuraprongs.com\/index.php?rest_route=\/wp\/v2\/types\/product"}],"replies":[{"embeddable":true,"href":"https:\/\/sakuraprongs.com\/index.php?rest_route=%2Fwp%2Fv2%2Fcomments&post=221"}],"version-history":[{"count":0,"href":"https:\/\/sakuraprongs.com\/index.php?rest_route=\/wp\/v2\/product\/221\/revisions"}],"wp:attachment":[{"href":"https:\/\/sakuraprongs.com\/index.php?rest_route=%2Fwp%2Fv2%2Fmedia&parent=221"}],"wp:term":[{"taxonomy":"product_cat","embeddable":true,"href":"https:\/\/sakuraprongs.com\/index.php?rest_route=%2Fwp%2Fv2%2Fproduct_cat&post=221"},{"taxonomy":"product_tag","embeddable":true,"href":"https:\/\/sakuraprongs.com\/index.php?rest_route=%2Fwp%2Fv2%2Fproduct_tag&post=221"}],"curies":[{"name":"wp","href":"https:\/\/api.w.org\/{rel}","templated":true}]}}