{"id":223,"date":"2023-02-02T18:03:00","date_gmt":"2023-02-02T18:03:00","guid":{"rendered":"http:\/\/sakuraprongs.com\/?post_type=product&#038;p=223"},"modified":"2023-02-02T18:03:02","modified_gmt":"2023-02-02T18:03:02","slug":"molde-coroa-bowsette","status":"publish","type":"product","link":"https:\/\/sakuraprongs.com\/?product=molde-coroa-bowsette","title":{"rendered":"Molde Coroa Bowsette"},"content":{"rendered":"<p>Molde oferecido de cortesia<br \/>\nmuito obrigada por acompanhar meu conte\u00fado<\/p>\n<p>Se o download da imagem n\u00e3o come\u00e7ar na hora, ir em Loja no Menu e depois em Download.<\/p>\n<p>Obrigada<\/p>\n<p>&nbsp;<\/p>\n<p>**ATEN\u00c7\u00c3O**<\/p>\n<p>Ap\u00f3s realizado o download do molde, n\u00e3o aceitamos devolu\u00e7\u00e3o e nem troca do produto.<\/p>\n","protected":false},"excerpt":{"rendered":"<p>Molde oferecido de cortesia muito obrigada por acompanhar meu conte\u00fado Se o download da imagem n\u00e3o come\u00e7ar na hora, ir em Loja no Menu e depois em Download. Obrigada &nbsp; **ATEN\u00c7\u00c3O** Ap\u00f3s realizado o download do molde, n\u00e3o aceitamos devolu\u00e7\u00e3o e nem troca do produto.<\/p>\n","protected":false},"featured_media":0,"comment_status":"open","ping_status":"closed","template":"","meta":{"_uag_custom_page_level_css":""},"product_cat":[15],"product_tag":[],"class_list":{"0":"post-223","1":"product","2":"type-product","3":"status-publish","5":"product_cat-uncategorized","7":"first","8":"instock","9":"shipping-taxable","10":"purchasable","11":"product-type-simple"},"aioseo_notices":[],"uagb_featured_image_src":{"full":false,"thumbnail":false,"medium":false,"medium_large":false,"large":false,"1536x1536":false,"2048x2048":false,"woocommerce_thumbnail":false,"woocommerce_single":false,"woocommerce_gallery_thumbnail":false},"uagb_author_info":{"display_name":"clubecosplay@gmail.com","author_link":"https:\/\/sakuraprongs.com\/?author=0"},"uagb_comment_info":0,"uagb_excerpt":"Molde oferecido de cortesia muito obrigada por acompanhar meu conte\u00fado Se o download da imagem n\u00e3o come\u00e7ar na hora, ir em Loja no Menu e depois em Download. Obrigada &nbsp; **ATEN\u00c7\u00c3O** Ap\u00f3s realizado o download do molde, n\u00e3o aceitamos devolu\u00e7\u00e3o e nem troca do produto.","_links":{"self":[{"href":"https:\/\/sakuraprongs.com\/index.php?rest_route=\/wp\/v2\/product\/223"}],"collection":[{"href":"https:\/\/sakuraprongs.com\/index.php?rest_route=\/wp\/v2\/product"}],"about":[{"href":"https:\/\/sakuraprongs.com\/index.php?rest_route=\/wp\/v2\/types\/product"}],"replies":[{"embeddable":true,"href":"https:\/\/sakuraprongs.com\/index.php?rest_route=%2Fwp%2Fv2%2Fcomments&post=223"}],"version-history":[{"count":0,"href":"https:\/\/sakuraprongs.com\/index.php?rest_route=\/wp\/v2\/product\/223\/revisions"}],"wp:attachment":[{"href":"https:\/\/sakuraprongs.com\/index.php?rest_route=%2Fwp%2Fv2%2Fmedia&parent=223"}],"wp:term":[{"taxonomy":"product_cat","embeddable":true,"href":"https:\/\/sakuraprongs.com\/index.php?rest_route=%2Fwp%2Fv2%2Fproduct_cat&post=223"},{"taxonomy":"product_tag","embeddable":true,"href":"https:\/\/sakuraprongs.com\/index.php?rest_route=%2Fwp%2Fv2%2Fproduct_tag&post=223"}],"curies":[{"name":"wp","href":"https:\/\/api.w.org\/{rel}","templated":true}]}}