{"id":224,"date":"2023-02-02T18:03:00","date_gmt":"2023-02-02T18:03:00","guid":{"rendered":"http:\/\/sakuraprongs.com\/?post_type=product&#038;p=224"},"modified":"2023-02-02T18:03:02","modified_gmt":"2023-02-02T18:03:02","slug":"e-book-manopla-ezreal-classico","status":"publish","type":"product","link":"https:\/\/sakuraprongs.com\/?product=e-book-manopla-ezreal-classico","title":{"rendered":"E-BOOK &#8211; Manopla EZREAL Cl\u00e1ssico"},"content":{"rendered":"<p>Produto Digital<\/p>\n<p>Esse molde + passo a passo foi produzido no <a href=\"http:\/\/www.clubecosplay.com.br\" target=\"_blank\" rel=\"noopener noreferrer\">CLUBE COSPLAY\u00a0\u00a0<\/a><\/p>\n<p>&#8212;<\/p>\n<p>Produto Digital &#8211; PDF<\/p>\n<p>.<\/p>\n<p>Para fazer o download v\u00e1 em Loja no Menu e depois em Download.<\/p>\n<p>**ATEN\u00c7\u00c3O**<\/p>\n<p>Ap\u00f3s realizado o download do molde, n\u00e3o aceitamos devolu\u00e7\u00e3o e nem troca do produto.<\/p>\n","protected":false},"excerpt":{"rendered":"<p>Produto Digital Esse molde + passo a passo foi produzido no CLUBE COSPLAY\u00a0\u00a0 &#8212; Produto Digital &#8211; PDF . Para fazer o download v\u00e1 em Loja no Menu e depois em Download. **ATEN\u00c7\u00c3O** Ap\u00f3s realizado o download do molde, n\u00e3o aceitamos devolu\u00e7\u00e3o e nem troca do produto.<\/p>\n","protected":false},"featured_media":0,"comment_status":"open","ping_status":"closed","template":"","meta":{"_uag_custom_page_level_css":""},"product_cat":[15],"product_tag":[35,36,20,37,38,39,40,41,42,21,43],"class_list":{"0":"post-224","1":"product","2":"type-product","3":"status-publish","5":"product_cat-uncategorized","6":"product_tag-braco-ez","7":"product_tag-como-fazer-manopla-ezreal","8":"product_tag-cosplay","9":"product_tag-cosplay-ezreal","10":"product_tag-cosplay-league-of-legends","11":"product_tag-ez","12":"product_tag-ez-lol","13":"product_tag-ezreal-lol","14":"product_tag-manopla-ezreal","15":"product_tag-molde","16":"product_tag-molde-ezreal","18":"first","19":"instock","20":"shipping-taxable","21":"purchasable","22":"product-type-simple"},"aioseo_notices":[],"uagb_featured_image_src":{"full":false,"thumbnail":false,"medium":false,"medium_large":false,"large":false,"1536x1536":false,"2048x2048":false,"woocommerce_thumbnail":false,"woocommerce_single":false,"woocommerce_gallery_thumbnail":false},"uagb_author_info":{"display_name":"clubecosplay@gmail.com","author_link":"https:\/\/sakuraprongs.com\/?author=0"},"uagb_comment_info":0,"uagb_excerpt":"Produto Digital Esse molde + passo a passo foi produzido no CLUBE COSPLAY\u00a0\u00a0 &#8212; Produto Digital &#8211; PDF . Para fazer o download v\u00e1 em Loja no Menu e depois em Download. **ATEN\u00c7\u00c3O** Ap\u00f3s realizado o download do molde, n\u00e3o aceitamos devolu\u00e7\u00e3o e nem troca do produto.","_links":{"self":[{"href":"https:\/\/sakuraprongs.com\/index.php?rest_route=\/wp\/v2\/product\/224"}],"collection":[{"href":"https:\/\/sakuraprongs.com\/index.php?rest_route=\/wp\/v2\/product"}],"about":[{"href":"https:\/\/sakuraprongs.com\/index.php?rest_route=\/wp\/v2\/types\/product"}],"replies":[{"embeddable":true,"href":"https:\/\/sakuraprongs.com\/index.php?rest_route=%2Fwp%2Fv2%2Fcomments&post=224"}],"version-history":[{"count":0,"href":"https:\/\/sakuraprongs.com\/index.php?rest_route=\/wp\/v2\/product\/224\/revisions"}],"wp:attachment":[{"href":"https:\/\/sakuraprongs.com\/index.php?rest_route=%2Fwp%2Fv2%2Fmedia&parent=224"}],"wp:term":[{"taxonomy":"product_cat","embeddable":true,"href":"https:\/\/sakuraprongs.com\/index.php?rest_route=%2Fwp%2Fv2%2Fproduct_cat&post=224"},{"taxonomy":"product_tag","embeddable":true,"href":"https:\/\/sakuraprongs.com\/index.php?rest_route=%2Fwp%2Fv2%2Fproduct_tag&post=224"}],"curies":[{"name":"wp","href":"https:\/\/api.w.org\/{rel}","templated":true}]}}