{"id":226,"date":"2023-02-02T18:03:00","date_gmt":"2023-02-02T18:03:00","guid":{"rendered":"http:\/\/sakuraprongs.com\/?post_type=product&#038;p=226"},"modified":"2023-02-02T18:03:03","modified_gmt":"2023-02-02T18:03:03","slug":"molde-fishbones-jinx-classica","status":"publish","type":"product","link":"https:\/\/sakuraprongs.com\/?product=molde-fishbones-jinx-classica","title":{"rendered":"Molde &#8211; Fishbones &#8211; Jinx Classica"},"content":{"rendered":"<p>Produto Digital &#8211; PDF<\/p>\n<p>&#8212;<\/p>\n<p>Esse molde foi produzido no <a href=\"http:\/\/www.clubecosplay.com.br\" target=\"_blank\" rel=\"noopener noreferrer\">CLUBE COSPLAY\u00a0\u00a0<\/a><\/p>\n<p>Se voc\u00ea quiser ser membro, d\u00e1 uma passadinha no nosso site<\/p>\n<p>&#8212;<\/p>\n<p>Caso queria fazer PICPAY ou PIX, escolha como m\u00e9todo de pagamento PagSeguro e boleto. Usar os dados abaixo para pagamento e me enviar o comprovante assim que fizer o pagamento, assim libero aqui o pedido.<\/p>\n<p>Dados :<\/p>\n<p>https:\/\/picpay.me\/sakuraprongs<\/p>\n<p>PIX : sakuraprongs@gmail.com<\/p>\n<p>&#8212;<\/p>\n<p>Produto Digital &#8211; PDF<\/p>\n<p>.<\/p>\n<p>Para fazer o download v\u00e1 em Loja no Menu e depois em Download.<\/p>\n<p>**ATEN\u00c7\u00c3O**<\/p>\n<p>Ap\u00f3s realizado o download do molde, n\u00e3o aceitamos devolu\u00e7\u00e3o e nem troca do produto.<\/p>\n","protected":false},"excerpt":{"rendered":"<p>Produto Digital &#8211; PDF &#8212; Esse molde foi produzido no CLUBE COSPLAY\u00a0\u00a0 Se voc\u00ea quiser ser membro, d\u00e1 uma passadinha no nosso site &#8212; Caso queria fazer PICPAY ou PIX, escolha como m\u00e9todo de pagamento PagSeguro e boleto. Usar os dados abaixo para pagamento e me enviar o comprovante assim que fizer o pagamento, assim [&hellip;]<\/p>\n","protected":false},"featured_media":0,"comment_status":"open","ping_status":"closed","template":"","meta":{"_uag_custom_page_level_css":""},"product_cat":[15],"product_tag":[20,48,49,46,21],"class_list":{"0":"post-226","1":"product","2":"type-product","3":"status-publish","5":"product_cat-uncategorized","6":"product_tag-cosplay","7":"product_tag-fishbones","8":"product_tag-jinx","9":"product_tag-lol","10":"product_tag-molde","12":"first","13":"instock","14":"shipping-taxable","15":"purchasable","16":"product-type-simple"},"aioseo_notices":[],"uagb_featured_image_src":{"full":false,"thumbnail":false,"medium":false,"medium_large":false,"large":false,"1536x1536":false,"2048x2048":false,"woocommerce_thumbnail":false,"woocommerce_single":false,"woocommerce_gallery_thumbnail":false},"uagb_author_info":{"display_name":"clubecosplay@gmail.com","author_link":"https:\/\/sakuraprongs.com\/?author=0"},"uagb_comment_info":0,"uagb_excerpt":"Produto Digital &#8211; PDF &#8212; Esse molde foi produzido no CLUBE COSPLAY\u00a0\u00a0 Se voc\u00ea quiser ser membro, d\u00e1 uma passadinha no nosso site &#8212; Caso queria fazer PICPAY ou PIX, escolha como m\u00e9todo de pagamento PagSeguro e boleto. Usar os dados abaixo para pagamento e me enviar o comprovante assim que fizer o pagamento, assim&hellip;","_links":{"self":[{"href":"https:\/\/sakuraprongs.com\/index.php?rest_route=\/wp\/v2\/product\/226"}],"collection":[{"href":"https:\/\/sakuraprongs.com\/index.php?rest_route=\/wp\/v2\/product"}],"about":[{"href":"https:\/\/sakuraprongs.com\/index.php?rest_route=\/wp\/v2\/types\/product"}],"replies":[{"embeddable":true,"href":"https:\/\/sakuraprongs.com\/index.php?rest_route=%2Fwp%2Fv2%2Fcomments&post=226"}],"version-history":[{"count":0,"href":"https:\/\/sakuraprongs.com\/index.php?rest_route=\/wp\/v2\/product\/226\/revisions"}],"wp:attachment":[{"href":"https:\/\/sakuraprongs.com\/index.php?rest_route=%2Fwp%2Fv2%2Fmedia&parent=226"}],"wp:term":[{"taxonomy":"product_cat","embeddable":true,"href":"https:\/\/sakuraprongs.com\/index.php?rest_route=%2Fwp%2Fv2%2Fproduct_cat&post=226"},{"taxonomy":"product_tag","embeddable":true,"href":"https:\/\/sakuraprongs.com\/index.php?rest_route=%2Fwp%2Fv2%2Fproduct_tag&post=226"}],"curies":[{"name":"wp","href":"https:\/\/api.w.org\/{rel}","templated":true}]}}