{"id":233,"date":"2023-02-02T18:03:01","date_gmt":"2023-02-02T18:03:01","guid":{"rendered":"http:\/\/sakuraprongs.com\/?post_type=product&#038;p=233"},"modified":"2023-02-02T18:16:43","modified_gmt":"2023-02-02T18:16:43","slug":"molde-bandana-naruto","status":"publish","type":"product","link":"https:\/\/sakuraprongs.com\/?product=molde-bandana-naruto","title":{"rendered":"Molde &#8211; Bandana Naruto"},"content":{"rendered":"<p>Muito obrigada por acompanhar meu conte\u00fado<\/p>\n<p>&#8212;<\/p>\n<p>Produto Digital &#8211; PDF<\/p>\n<p>&#8212;<\/p>\n<p>Muito obrigada por acompanhar meu conte\u00fado<\/p>\n<p>&#8212;<\/p>\n<p>Voc\u00ea ainda pode pagar por PICPAY : https:\/\/picpay.me\/sakuraprongs<\/p>\n<p>PIX : sakuraprongs@gmail.com<\/p>\n<p>Confirme seu pedido como boleto e depois que efetuar o pagamento, me envie o comprovante assim que fizer o pagamento, assim libero aqui o pedido.<\/p>\n<p>.<\/p>\n<p>Para fazer o download v\u00e1 em Loja no Menu e depois em Download.<\/p>\n<p>**ATEN\u00c7\u00c3O**<\/p>\n<p>Ap\u00f3s realizado o download do molde, n\u00e3o aceitamos devolu\u00e7\u00e3o e nem troca do produto.<\/p>\n","protected":false},"excerpt":{"rendered":"<p>Muito obrigada por acompanhar meu conte\u00fado &#8212; Produto Digital &#8211; PDF &#8212; Muito obrigada por acompanhar meu conte\u00fado &#8212; Voc\u00ea ainda pode pagar por PICPAY : https:\/\/picpay.me\/sakuraprongs PIX : sakuraprongs@gmail.com Confirme seu pedido como boleto e depois que efetuar o pagamento, me envie o comprovante assim que fizer o pagamento, assim libero aqui o pedido. [&hellip;]<\/p>\n","protected":false},"featured_media":313,"comment_status":"open","ping_status":"closed","template":"","meta":{"_uag_custom_page_level_css":""},"product_cat":[15],"product_tag":[73,74,75,20,69,70,76,77],"class_list":{"0":"post-233","1":"product","2":"type-product","3":"status-publish","4":"has-post-thumbnail","6":"product_cat-uncategorized","7":"product_tag-bandana-konoha","8":"product_tag-bandana-naruto","9":"product_tag-bandana-naruto-molde","10":"product_tag-cosplay","11":"product_tag-molde-cosmaker","12":"product_tag-molde-cosplay","13":"product_tag-naruto","14":"product_tag-naruto-cosplay","16":"first","17":"instock","18":"downloadable","19":"virtual","20":"purchasable","21":"product-type-simple"},"aioseo_notices":[],"uagb_featured_image_src":{"full":["https:\/\/sakuraprongs.com\/wp-content\/uploads\/2023\/02\/Bandana-Naruto-Teste.jpg",1181,1181,false],"thumbnail":["https:\/\/sakuraprongs.com\/wp-content\/uploads\/2023\/02\/Bandana-Naruto-Teste-150x150.jpg",150,150,true],"medium":["https:\/\/sakuraprongs.com\/wp-content\/uploads\/2023\/02\/Bandana-Naruto-Teste-300x300.jpg",300,300,true],"medium_large":["https:\/\/sakuraprongs.com\/wp-content\/uploads\/2023\/02\/Bandana-Naruto-Teste-768x768.jpg",768,768,true],"large":["https:\/\/sakuraprongs.com\/wp-content\/uploads\/2023\/02\/Bandana-Naruto-Teste-1024x1024.jpg",1024,1024,true],"1536x1536":["https:\/\/sakuraprongs.com\/wp-content\/uploads\/2023\/02\/Bandana-Naruto-Teste.jpg",1181,1181,false],"2048x2048":["https:\/\/sakuraprongs.com\/wp-content\/uploads\/2023\/02\/Bandana-Naruto-Teste.jpg",1181,1181,false],"woocommerce_thumbnail":["https:\/\/sakuraprongs.com\/wp-content\/uploads\/2023\/02\/Bandana-Naruto-Teste-300x457.jpg",300,457,true],"woocommerce_single":["https:\/\/sakuraprongs.com\/wp-content\/uploads\/2023\/02\/Bandana-Naruto-Teste-600x600.jpg",600,600,true],"woocommerce_gallery_thumbnail":["https:\/\/sakuraprongs.com\/wp-content\/uploads\/2023\/02\/Bandana-Naruto-Teste-100x100.jpg",100,100,true]},"uagb_author_info":{"display_name":"clubecosplay@gmail.com","author_link":"https:\/\/sakuraprongs.com\/?author=0"},"uagb_comment_info":0,"uagb_excerpt":"Muito obrigada por acompanhar meu conte\u00fado &#8212; Produto Digital &#8211; PDF &#8212; Muito obrigada por acompanhar meu conte\u00fado &#8212; Voc\u00ea ainda pode pagar por PICPAY : https:\/\/picpay.me\/sakuraprongs PIX : sakuraprongs@gmail.com Confirme seu pedido como boleto e depois que efetuar o pagamento, me envie o comprovante assim que fizer o pagamento, assim libero aqui o pedido.&hellip;","_links":{"self":[{"href":"https:\/\/sakuraprongs.com\/index.php?rest_route=\/wp\/v2\/product\/233"}],"collection":[{"href":"https:\/\/sakuraprongs.com\/index.php?rest_route=\/wp\/v2\/product"}],"about":[{"href":"https:\/\/sakuraprongs.com\/index.php?rest_route=\/wp\/v2\/types\/product"}],"replies":[{"embeddable":true,"href":"https:\/\/sakuraprongs.com\/index.php?rest_route=%2Fwp%2Fv2%2Fcomments&post=233"}],"version-history":[{"count":0,"href":"https:\/\/sakuraprongs.com\/index.php?rest_route=\/wp\/v2\/product\/233\/revisions"}],"wp:featuredmedia":[{"embeddable":true,"href":"https:\/\/sakuraprongs.com\/index.php?rest_route=\/wp\/v2\/media\/313"}],"wp:attachment":[{"href":"https:\/\/sakuraprongs.com\/index.php?rest_route=%2Fwp%2Fv2%2Fmedia&parent=233"}],"wp:term":[{"taxonomy":"product_cat","embeddable":true,"href":"https:\/\/sakuraprongs.com\/index.php?rest_route=%2Fwp%2Fv2%2Fproduct_cat&post=233"},{"taxonomy":"product_tag","embeddable":true,"href":"https:\/\/sakuraprongs.com\/index.php?rest_route=%2Fwp%2Fv2%2Fproduct_tag&post=233"}],"curies":[{"name":"wp","href":"https:\/\/api.w.org\/{rel}","templated":true}]}}