{"id":262,"date":"2023-02-02T18:03:09","date_gmt":"2023-02-02T18:03:09","guid":{"rendered":"http:\/\/sakuraprongs.com\/?post_type=product&#038;p=262"},"modified":"2023-02-02T18:03:11","modified_gmt":"2023-02-02T18:03:11","slug":"molde-ombreira-cloud-final-fantasy-vii","status":"publish","type":"product","link":"https:\/\/sakuraprongs.com\/?product=molde-ombreira-cloud-final-fantasy-vii","title":{"rendered":"Molde &#8211; Ombreira Cloud Final Fantasy VII"},"content":{"rendered":"<p>Produto Digital &#8211; PDF<\/p>\n<p>&#8212;<\/p>\n<p>Muito obrigada por acompanhar meu conte\u00fado<\/p>\n<p>&#8212;<\/p>\n<p>Voc\u00ea ainda pode pagar por PICPAY : https:\/\/picpay.me\/sakuraprongs<\/p>\n<p>Me envie o comprovante assim que fizer o pagamento, assim libero aqui o pedido.<\/p>\n<p>.<\/p>\n<p>Para fazer o download v\u00e1 em Loja no Menu e depois em Download.<\/p>\n<p>**ATEN\u00c7\u00c3O**<\/p>\n<p>Ap\u00f3s realizado o download do molde, n\u00e3o aceitamos devolu\u00e7\u00e3o e nem troca do produto.<\/p>\n","protected":false},"excerpt":{"rendered":"<p>Produto Digital &#8211; PDF &#8212; Muito obrigada por acompanhar meu conte\u00fado &#8212; Voc\u00ea ainda pode pagar por PICPAY : https:\/\/picpay.me\/sakuraprongs Me envie o comprovante assim que fizer o pagamento, assim libero aqui o pedido. . Para fazer o download v\u00e1 em Loja no Menu e depois em Download. **ATEN\u00c7\u00c3O** Ap\u00f3s realizado o download do molde, [&hellip;]<\/p>\n","protected":false},"featured_media":0,"comment_status":"open","ping_status":"closed","template":"","meta":{"_uag_custom_page_level_css":""},"product_cat":[15],"product_tag":[179,180,181,20,182,183,184,185,186,69,70,187,188],"class_list":{"0":"post-262","1":"product","2":"type-product","3":"status-publish","5":"product_cat-uncategorized","6":"product_tag-cloud-final-fantasy-vii","7":"product_tag-cloud-strife","8":"product_tag-como-fazer-ombreira","9":"product_tag-cosplay","10":"product_tag-cosplay-cloud-ff","11":"product_tag-cosplay-ff7","12":"product_tag-ff-7","13":"product_tag-ff-vii","14":"product_tag-final-fantasy","15":"product_tag-molde-cosmaker","16":"product_tag-molde-cosplay","17":"product_tag-molde-ombreira","18":"product_tag-ombreira-cloud","20":"first","21":"instock","22":"shipping-taxable","23":"purchasable","24":"product-type-simple"},"aioseo_notices":[],"uagb_featured_image_src":{"full":false,"thumbnail":false,"medium":false,"medium_large":false,"large":false,"1536x1536":false,"2048x2048":false,"woocommerce_thumbnail":false,"woocommerce_single":false,"woocommerce_gallery_thumbnail":false},"uagb_author_info":{"display_name":"clubecosplay@gmail.com","author_link":"https:\/\/sakuraprongs.com\/?author=0"},"uagb_comment_info":0,"uagb_excerpt":"Produto Digital &#8211; PDF &#8212; Muito obrigada por acompanhar meu conte\u00fado &#8212; Voc\u00ea ainda pode pagar por PICPAY : https:\/\/picpay.me\/sakuraprongs Me envie o comprovante assim que fizer o pagamento, assim libero aqui o pedido. . Para fazer o download v\u00e1 em Loja no Menu e depois em Download. **ATEN\u00c7\u00c3O** Ap\u00f3s realizado o download do molde,&hellip;","_links":{"self":[{"href":"https:\/\/sakuraprongs.com\/index.php?rest_route=\/wp\/v2\/product\/262"}],"collection":[{"href":"https:\/\/sakuraprongs.com\/index.php?rest_route=\/wp\/v2\/product"}],"about":[{"href":"https:\/\/sakuraprongs.com\/index.php?rest_route=\/wp\/v2\/types\/product"}],"replies":[{"embeddable":true,"href":"https:\/\/sakuraprongs.com\/index.php?rest_route=%2Fwp%2Fv2%2Fcomments&post=262"}],"version-history":[{"count":0,"href":"https:\/\/sakuraprongs.com\/index.php?rest_route=\/wp\/v2\/product\/262\/revisions"}],"wp:attachment":[{"href":"https:\/\/sakuraprongs.com\/index.php?rest_route=%2Fwp%2Fv2%2Fmedia&parent=262"}],"wp:term":[{"taxonomy":"product_cat","embeddable":true,"href":"https:\/\/sakuraprongs.com\/index.php?rest_route=%2Fwp%2Fv2%2Fproduct_cat&post=262"},{"taxonomy":"product_tag","embeddable":true,"href":"https:\/\/sakuraprongs.com\/index.php?rest_route=%2Fwp%2Fv2%2Fproduct_tag&post=262"}],"curies":[{"name":"wp","href":"https:\/\/api.w.org\/{rel}","templated":true}]}}