{"id":263,"date":"2023-02-02T18:03:09","date_gmt":"2023-02-02T18:03:09","guid":{"rendered":"http:\/\/sakuraprongs.com\/?post_type=product&#038;p=263"},"modified":"2023-02-02T18:03:11","modified_gmt":"2023-02-02T18:03:11","slug":"molde-mascara-cat-noir","status":"publish","type":"product","link":"https:\/\/sakuraprongs.com\/?product=molde-mascara-cat-noir","title":{"rendered":"Molde &#8211; M\u00e1scara Cat Noir"},"content":{"rendered":"<p>Molde simples oferecido de cortesia<br \/>\nmuito obrigada por acompanhar meu conte\u00fado<\/p>\n<p>Se o download da imagem n\u00e3o come\u00e7ar na hora, ir em Loja no Menu e depois em Download.<\/p>\n<p>Obrigada<\/p>\n<p>&#8212;<\/p>\n<p>Produto Digital &#8211; PDF<\/p>\n<p>.<\/p>\n<p>Para fazer o download v\u00e1 em Loja no Menu e depois em Download.<\/p>\n<p>**ATEN\u00c7\u00c3O**<\/p>\n<p>Ap\u00f3s realizado o download do molde, n\u00e3o aceitamos devolu\u00e7\u00e3o e nem troca do produto.<\/p>\n","protected":false},"excerpt":{"rendered":"<p>Molde simples oferecido de cortesia muito obrigada por acompanhar meu conte\u00fado Se o download da imagem n\u00e3o come\u00e7ar na hora, ir em Loja no Menu e depois em Download. Obrigada &#8212; Produto Digital &#8211; PDF . Para fazer o download v\u00e1 em Loja no Menu e depois em Download. **ATEN\u00c7\u00c3O** Ap\u00f3s realizado o download do [&hellip;]<\/p>\n","protected":false},"featured_media":0,"comment_status":"open","ping_status":"closed","template":"","meta":{"_uag_custom_page_level_css":""},"product_cat":[15],"product_tag":[189,20,190,191,22,192,193,21],"class_list":{"0":"post-263","1":"product","2":"type-product","3":"status-publish","5":"product_cat-uncategorized","6":"product_tag-cat-noir","7":"product_tag-cosplay","8":"product_tag-cosplay-cat-noir","9":"product_tag-ladybug","10":"product_tag-mascara","11":"product_tag-mascara-cat-noir","12":"product_tag-miracles-lady-bug","13":"product_tag-molde","15":"first","16":"instock","17":"shipping-taxable","18":"purchasable","19":"product-type-simple"},"aioseo_notices":[],"uagb_featured_image_src":{"full":false,"thumbnail":false,"medium":false,"medium_large":false,"large":false,"1536x1536":false,"2048x2048":false,"woocommerce_thumbnail":false,"woocommerce_single":false,"woocommerce_gallery_thumbnail":false},"uagb_author_info":{"display_name":"clubecosplay@gmail.com","author_link":"https:\/\/sakuraprongs.com\/?author=0"},"uagb_comment_info":0,"uagb_excerpt":"Molde simples oferecido de cortesia muito obrigada por acompanhar meu conte\u00fado Se o download da imagem n\u00e3o come\u00e7ar na hora, ir em Loja no Menu e depois em Download. Obrigada &#8212; Produto Digital &#8211; PDF . Para fazer o download v\u00e1 em Loja no Menu e depois em Download. **ATEN\u00c7\u00c3O** Ap\u00f3s realizado o download do&hellip;","_links":{"self":[{"href":"https:\/\/sakuraprongs.com\/index.php?rest_route=\/wp\/v2\/product\/263"}],"collection":[{"href":"https:\/\/sakuraprongs.com\/index.php?rest_route=\/wp\/v2\/product"}],"about":[{"href":"https:\/\/sakuraprongs.com\/index.php?rest_route=\/wp\/v2\/types\/product"}],"replies":[{"embeddable":true,"href":"https:\/\/sakuraprongs.com\/index.php?rest_route=%2Fwp%2Fv2%2Fcomments&post=263"}],"version-history":[{"count":0,"href":"https:\/\/sakuraprongs.com\/index.php?rest_route=\/wp\/v2\/product\/263\/revisions"}],"wp:attachment":[{"href":"https:\/\/sakuraprongs.com\/index.php?rest_route=%2Fwp%2Fv2%2Fmedia&parent=263"}],"wp:term":[{"taxonomy":"product_cat","embeddable":true,"href":"https:\/\/sakuraprongs.com\/index.php?rest_route=%2Fwp%2Fv2%2Fproduct_cat&post=263"},{"taxonomy":"product_tag","embeddable":true,"href":"https:\/\/sakuraprongs.com\/index.php?rest_route=%2Fwp%2Fv2%2Fproduct_tag&post=263"}],"curies":[{"name":"wp","href":"https:\/\/api.w.org\/{rel}","templated":true}]}}