{"id":302,"date":"2023-02-02T18:03:16","date_gmt":"2023-02-02T18:03:16","guid":{"rendered":"http:\/\/sakuraprongs.com\/?post_type=product&#038;p=302"},"modified":"2023-02-02T18:03:18","modified_gmt":"2023-02-02T18:03:18","slug":"molde-botas-ochaco-uraraka","status":"publish","type":"product","link":"https:\/\/sakuraprongs.com\/?product=molde-botas-ochaco-uraraka","title":{"rendered":"Molde &#8211; Botas Ochaco Uraraka"},"content":{"rendered":"<p>Produto Digital &#8211; PDF<\/p>\n<p>.<\/p>\n<p>Para fazer o download v\u00e1 em Loja no Menu e depois em Download.<\/p>\n<p>**ATEN\u00c7\u00c3O**<\/p>\n<p>Ap\u00f3s realizado o download do molde, n\u00e3o aceitamos devolu\u00e7\u00e3o e nem troca do produto.<\/p>\n","protected":false},"excerpt":{"rendered":"<p>Produto Digital &#8211; PDF . Para fazer o download v\u00e1 em Loja no Menu e depois em Download. **ATEN\u00c7\u00c3O** Ap\u00f3s realizado o download do molde, n\u00e3o aceitamos devolu\u00e7\u00e3o e nem troca do produto.<\/p>\n","protected":false},"featured_media":0,"comment_status":"open","ping_status":"closed","template":"","meta":{"_uag_custom_page_level_css":""},"product_cat":[15],"product_tag":[270,315,316,20,69,70,317],"class_list":{"0":"post-302","1":"product","2":"type-product","3":"status-publish","5":"product_cat-uncategorized","6":"product_tag-boku-no-hero","7":"product_tag-botas","8":"product_tag-botas-ochaco-uraraka","9":"product_tag-cosplay","10":"product_tag-molde-cosmaker","11":"product_tag-molde-cosplay","12":"product_tag-ochaco-uraraka","14":"first","15":"instock","16":"shipping-taxable","17":"purchasable","18":"product-type-simple"},"aioseo_notices":[],"uagb_featured_image_src":{"full":false,"thumbnail":false,"medium":false,"medium_large":false,"large":false,"1536x1536":false,"2048x2048":false,"woocommerce_thumbnail":false,"woocommerce_single":false,"woocommerce_gallery_thumbnail":false},"uagb_author_info":{"display_name":"clubecosplay@gmail.com","author_link":"https:\/\/sakuraprongs.com\/?author=0"},"uagb_comment_info":0,"uagb_excerpt":"Produto Digital &#8211; PDF . Para fazer o download v\u00e1 em Loja no Menu e depois em Download. **ATEN\u00c7\u00c3O** Ap\u00f3s realizado o download do molde, n\u00e3o aceitamos devolu\u00e7\u00e3o e nem troca do produto.","_links":{"self":[{"href":"https:\/\/sakuraprongs.com\/index.php?rest_route=\/wp\/v2\/product\/302"}],"collection":[{"href":"https:\/\/sakuraprongs.com\/index.php?rest_route=\/wp\/v2\/product"}],"about":[{"href":"https:\/\/sakuraprongs.com\/index.php?rest_route=\/wp\/v2\/types\/product"}],"replies":[{"embeddable":true,"href":"https:\/\/sakuraprongs.com\/index.php?rest_route=%2Fwp%2Fv2%2Fcomments&post=302"}],"version-history":[{"count":0,"href":"https:\/\/sakuraprongs.com\/index.php?rest_route=\/wp\/v2\/product\/302\/revisions"}],"wp:attachment":[{"href":"https:\/\/sakuraprongs.com\/index.php?rest_route=%2Fwp%2Fv2%2Fmedia&parent=302"}],"wp:term":[{"taxonomy":"product_cat","embeddable":true,"href":"https:\/\/sakuraprongs.com\/index.php?rest_route=%2Fwp%2Fv2%2Fproduct_cat&post=302"},{"taxonomy":"product_tag","embeddable":true,"href":"https:\/\/sakuraprongs.com\/index.php?rest_route=%2Fwp%2Fv2%2Fproduct_tag&post=302"}],"curies":[{"name":"wp","href":"https:\/\/api.w.org\/{rel}","templated":true}]}}